{"id":50417,"date":"2024-01-15T14:44:02","date_gmt":"2024-01-15T19:44:02","guid":{"rendered":"https:\/\/www.gobernacionnapo.gob.ec\/new\/?page_id=50417"},"modified":"2024-03-20T11:49:17","modified_gmt":"2024-03-20T16:49:17","slug":"resoluciones-gobernacion-de-napo","status":"publish","type":"page","link":"https:\/\/www.gobernacionnapo.gob.ec\/new\/resoluciones-gobernacion-de-napo\/","title":{"rendered":"Resoluciones Gobernaci\u00f3n de Napo"},"content":{"rendered":"\t\t<div data-elementor-type=\"wp-page\" data-elementor-id=\"50417\" class=\"elementor elementor-50417\" data-elementor-post-type=\"page\">\n\t\t\t\t\t\t<section data-particle_enable=\"false\" data-particle-mobile-disabled=\"false\" class=\"elementor-section elementor-top-section elementor-element elementor-element-dbce113 elementor-section-boxed elementor-section-height-default elementor-section-height-default\" data-id=\"dbce113\" data-element_type=\"section\" data-e-type=\"section\" data-settings=\"{&quot;jet_parallax_layout_list&quot;:[]}\">\n\t\t\t\t\t\t<div class=\"elementor-container elementor-column-gap-default\">\n\t\t\t\t\t<div class=\"elementor-column elementor-col-100 elementor-top-column elementor-element elementor-element-a30b051\" data-id=\"a30b051\" data-element_type=\"column\" data-e-type=\"column\">\n\t\t\t<div class=\"elementor-widget-wrap elementor-element-populated\">\n\t\t\t\t\t\t<div class=\"elementor-element elementor-element-be2df69 elementor-widget elementor-widget-shortcode\" data-id=\"be2df69\" data-element_type=\"widget\" data-e-type=\"widget\" data-widget_type=\"shortcode.default\">\n\t\t\t\t<div class=\"elementor-widget-container\">\n\t\t\t\t\t\t\t<div class=\"elementor-shortcode\"><div id=\"footable_parent_50693\"\n         class=\" footable_parent ninja_table_wrapper loading_ninja_table wp_table_data_press_parent semantic_ui \">\n                <table data-ninja_table_instance=\"ninja_table_instance_0\" data-footable_id=\"50693\" data-filter-delay=\"1000\" aria-label=\"Resoluciones (Imported From Table Press)\"            id=\"footable_50693\"\n           data-unique_identifier=\"ninja_table_unique_id_1974165920_50693\"\n           class=\" foo-table ninja_footable foo_table_50693 ninja_table_unique_id_1974165920_50693 ui table  ninja_search_right nt_type_legacy_table selectable striped vertical_centered  footable-paging-right ninja_table_pro\">\n                <colgroup>\n                            <col class=\"ninja_column_0 \">\n                            <col class=\"ninja_column_1 \">\n                            <col class=\"ninja_column_2 \">\n                    <\/colgroup>\n        <thead>\n<tr class=\"footable-header\">\n                                                        <th scope=\"col\"  class=\"ninja_column_0 ninja_clmn_nm_nro \">Nro<\/th><th scope=\"col\"  class=\"ninja_column_1 ninja_clmn_nm_descripcin \">Descripci\u00f3n<\/th><th scope=\"col\"  class=\"ninja_column_2 ninja_clmn_nm_descargar \">Descargar<\/th><\/tr>\n<\/thead>\n<tbody>\n\n        <tr data-row_id=\"109\" class=\"ninja_table_row_0 nt_row_id_109\">\n            <td>GNAP-2026-03-R<\/td><td>TRASLADAR el d\u00eda de descanso obligatorio para el d\u00eda viernes 13 de febrero del 2026<\/td><td>Descargar<\/td>        <\/tr>\n            <tr data-row_id=\"108\" class=\"ninja_table_row_1 nt_row_id_108\">\n            <td>Nro. GNAP-2025-28-R<\/td><td>DESCANSO OBLIGATORIO LOCAL POR CONMEMORARSE LA CANTONIZACI\u00d3N DE TENA<\/td><td><a href=\"https:\/\/www.gobernacionnapo.gob.ec\/new\/wp-content\/uploads\/2025\/11\/resolucion_feriado_tena-signed0420488001762528044.pdf\" target=\"_blank\" rel=\"noopener\">Descargar<\/a><\/td>        <\/tr>\n            <tr data-row_id=\"89\" class=\"ninja_table_row_2 nt_row_id_89\">\n            <td>N\u00ba GNAP-2025-26-R<\/td><td>RECONOCER el m\u00e9rito profesional del personal militar del Grupo de Operaciones Militares de \u00c1mbito Interno (GOMAI) pertenecientes a la Fuerza A\u00e9rea Ecuatoriana (FAE)<\/td><td><a href=\" https:\/\/www.gobernacionnapo.gob.ec\/new\/wp-content\/uploads\/2025\/08\/revisada-res.adm-026-reconocimiento_fae-carcel-signed.pdf\" rel=\"noopener\" target=\"_blank\">Descargar<\/a><\/td>        <\/tr>\n            <tr data-row_id=\"88\" class=\"ninja_table_row_3 nt_row_id_88\">\n            <td>GNAP-2025-24-R<\/td><td>TRASLADAR el d\u00eda de descanso obligatorio correspondiente al jueves 07 de agosto de 2025 al viernes 08 de agosto del 2025, estableciendo la suspensi\u00f3n de la jornada laboral en la jurisdicci\u00f3n del cant\u00f3n Carlos Julio Arosemena Tola; traslado que se efect\u00faa en cumplimiento a la Disposici\u00f3n General Cuarta de la Ley Org\u00e1nica de Servicio P\u00fablico en concordancia con el Art. 65 del C\u00f3digo de Trabajo.<\/td><td><a href=\"https:\/\/www.gobernacionnapo.gob.ec\/new\/wp-content\/uploads\/2025\/08\/res.adm_.024-feriado_local-arosemena-traslado-signed1.pdf\" target=\"_blank\" rel=\"noopener\">Descargar<\/a><\/td>        <\/tr>\n            <tr data-row_id=\"87\" class=\"ninja_table_row_4 nt_row_id_87\">\n            <td>N\u00ba GNAP-2025-22-R<\/td><td>RECONOCER el m\u00e9rito profesional de funcionarios policiales pertenecientes a la Unidad Nacional de Investigaci\u00f3n Antisecuestro y Extorsi\u00f3n (UNASE) de la Polic\u00eda Nacional del Ecuador<\/td><td><a href=\"https:\/\/www.gobernacionnapo.gob.ec\/new\/wp-content\/uploads\/2025\/07\/res.adm_.reconocimiento_a_policia_nacional-022-2025.final-signed.pdf\" rel=\"noopener\" target=\"_blank\">Descargar<\/a><\/td>        <\/tr>\n            <tr data-row_id=\"86\" class=\"ninja_table_row_5 nt_row_id_86\">\n            <td>N\u00ba GNAP-2025-08-R<\/td><td>PRIMERA REFORMA AL PLAN ANUAL DE CONTRATACIONES PAC-2025<\/td><td><a href=\"https:\/\/www.gobernacionnapo.gob.ec\/new\/wp-content\/uploads\/2025\/03\/res-adm-gnap-2024-08-primera_reforma-pac2025-consolidacion-partidas.pdf\" rel=\"noopener\" target=\"_blank\">Descargar<\/a><\/td>        <\/tr>\n            <tr data-row_id=\"85\" class=\"ninja_table_row_6 nt_row_id_85\">\n            <td> GNAP-2025-03-R<\/td><td>FERIADO PROVINCIAL POR CONMEMORACI\u00d3N DEL D\u00cdA DE LA CIRCUNSCRIPCI\u00d3N TERRITORIAL ESPECIAL AMAZ\u00d3NICA - 12 DE FEBRERO<\/td><td><a href=\"https:\/\/www.gobernacionnapo.gob.ec\/new\/wp-content\/uploads\/2025\/02\/res-adm-gnap-2024-03-feriado_provincial_napo-signed.pdf \" rel=\"noopener\" target=\"_blank\">Descargar<\/a><\/td>        <\/tr>\n            <tr data-row_id=\"84\" class=\"ninja_table_row_7 nt_row_id_84\">\n            <td>N\u00ba GNAP-2025-01-R<\/td><td>APROBACI\u00d3N DEL PLAN ANUAL DE CONTRATACI\u00d3N PAC-2025<\/td><td><a href=\"https:\/\/www.gobernacionnapo.gob.ec\/new\/wp-content\/uploads\/2025\/01\/RESOLUCIONADMINISTRATIVAgnap202401PAC2025aprobado-signed.pdf\" rel=\"noopener\" target=\"_blank\">Descargar<\/a><\/td>        <\/tr>\n            <tr data-row_id=\"66\" class=\"ninja_table_row_8 nt_row_id_66\">\n            <td>RA001-GN-2024<\/td><td>BAJA DE BIENES<\/td><td>Descargar<\/td>        <\/tr>\n            <tr data-row_id=\"67\" class=\"ninja_table_row_9 nt_row_id_67\">\n            <td>MDG-GNAP-2024-0002-R<\/td><td>RESOLUCI\u00d3N DE DESCANSO\nOBLIGATORIO POR FERIADO NACIONAL\nDE CARNAVAL Y POR EL D\u00cdA DE LA\nCIRCUNSCRIPCI\u00d3N TERRITORIAL\nESPECIAL AMAZ\u00d3NICA<a href=\"https:\/\/www.gobernacionnapo.gob.ec\/new\/wp-content\/uploads\/2024\/02\/MDG-GNAP-2024-0002-R.pdf\" rel=\"noopener\" target=\"_blank\"><\/a><\/td><td><a href=\"https:\/\/www.gobernacionnapo.gob.ec\/new\/wp-content\/uploads\/2024\/02\/MDG-GNAP-2024-0002-R.pdf\" rel=\"noopener\" target=\"_blank\">Descargar<\/a><\/td>        <\/tr>\n            <tr data-row_id=\"70\" class=\"ninja_table_row_10 nt_row_id_70\">\n            <td>N\u00ba 016-GN-2024 <\/td><td>DESCANSO OBLIGATORIO POR CANTONIZACI\u00d3N DE CARLOS JULIO AROSEMENA  TOLA <\/td><td><a href=\"https:\/\/www.gobernacionnapo.gob.ec\/new\/wp-content\/uploads\/2024\/04\/resolucion_no__16_gn-2024_carlos_julio_arosemana_tola_-signed_10276901001714055361.pdf\" rel=\"noopener\" target=\"_blank\">Descargar<\/a><\/td>        <\/tr>\n            <tr data-row_id=\"71\" class=\"ninja_table_row_11 nt_row_id_71\">\n            <td>N\u00ba 017-GN-2024<\/td><td>DESCANSO OBLIGATORIO POR CANTONIZACI\u00d3N DE ARCHIDONA<\/td><td><a href=\"https:\/\/www.gobernacionnapo.gob.ec\/new\/wp-content\/uploads\/2024\/04\/resolucion_administrativa__no__17_gn-2024-signed0188221001714055235.pdf\" rel=\"noopener\" target=\"_blank\">Descargar<\/a><\/td>        <\/tr>\n    <\/tbody><!--ninja_tobody_rendering_done-->\n    <\/table>\n    \n    \n    \n<\/div>\n<\/div>\n\t\t\t\t\t\t<\/div>\n\t\t\t\t<\/div>\n\t\t\t\t\t<\/div>\n\t\t<\/div>\n\t\t\t\t\t<\/div>\n\t\t<\/section>\n\t\t\t\t<\/div>\n\t\t","protected":false},"excerpt":{"rendered":"<p class=\"excerpt\"> <a href=\"https:\/\/www.gobernacionnapo.gob.ec\/new\/resoluciones-gobernacion-de-napo\/\">Read more &rarr;<\/a><\/p>\n","protected":false},"author":3,"featured_media":0,"parent":0,"menu_order":0,"comment_status":"closed","ping_status":"closed","template":"","meta":{"footnotes":""},"class_list":["post-50417","page","type-page","status-publish","hentry","xfolkentry"],"yoast_head":"<!-- This site is optimized with the Yoast SEO Premium plugin v22.9 (Yoast SEO v27.3) - https:\/\/yoast.com\/product\/yoast-seo-premium-wordpress\/ -->\n<title>Resoluciones Gobernaci\u00f3n de Napo - Gobernaci\u00f3n de Napo<\/title>\n<meta name=\"robots\" content=\"index, follow, max-snippet:-1, max-image-preview:large, max-video-preview:-1\" \/>\n<link rel=\"canonical\" href=\"https:\/\/www.gobernacionnapo.gob.ec\/new\/resoluciones-gobernacion-de-napo\/\" \/>\n<meta property=\"og:locale\" content=\"es_ES\" \/>\n<meta property=\"og:type\" content=\"article\" \/>\n<meta property=\"og:title\" content=\"Resoluciones Gobernaci\u00f3n de Napo\" \/>\n<meta property=\"og:description\" content=\"Read more &rarr;\" \/>\n<meta property=\"og:url\" content=\"https:\/\/www.gobernacionnapo.gob.ec\/new\/resoluciones-gobernacion-de-napo\/\" \/>\n<meta property=\"og:site_name\" content=\"Gobernaci\u00f3n de Napo\" \/>\n<meta property=\"article:publisher\" content=\"https:\/\/www.facebook.com\/GobernacionDeNapo\" \/>\n<meta property=\"article:modified_time\" content=\"2024-03-20T16:49:17+00:00\" \/>\n<meta name=\"twitter:card\" content=\"summary_large_image\" \/>\n<meta name=\"twitter:site\" content=\"@gobernapo\" \/>\n<script type=\"application\/ld+json\" class=\"yoast-schema-graph\">{\"@context\":\"https:\\\/\\\/schema.org\",\"@graph\":[{\"@type\":\"WebPage\",\"@id\":\"https:\\\/\\\/www.gobernacionnapo.gob.ec\\\/new\\\/resoluciones-gobernacion-de-napo\\\/\",\"url\":\"https:\\\/\\\/www.gobernacionnapo.gob.ec\\\/new\\\/resoluciones-gobernacion-de-napo\\\/\",\"name\":\"Resoluciones Gobernaci\u00f3n de Napo - Gobernaci\u00f3n de Napo\",\"isPartOf\":{\"@id\":\"https:\\\/\\\/www.gobernacionnapo.gob.ec\\\/new\\\/#website\"},\"datePublished\":\"2024-01-15T19:44:02+00:00\",\"dateModified\":\"2024-03-20T16:49:17+00:00\",\"breadcrumb\":{\"@id\":\"https:\\\/\\\/www.gobernacionnapo.gob.ec\\\/new\\\/resoluciones-gobernacion-de-napo\\\/#breadcrumb\"},\"inLanguage\":\"es\",\"potentialAction\":[{\"@type\":\"ReadAction\",\"target\":[\"https:\\\/\\\/www.gobernacionnapo.gob.ec\\\/new\\\/resoluciones-gobernacion-de-napo\\\/\"]}]},{\"@type\":\"BreadcrumbList\",\"@id\":\"https:\\\/\\\/www.gobernacionnapo.gob.ec\\\/new\\\/resoluciones-gobernacion-de-napo\\\/#breadcrumb\",\"itemListElement\":[{\"@type\":\"ListItem\",\"position\":1,\"name\":\"Portada\",\"item\":\"https:\\\/\\\/www.gobernacionnapo.gob.ec\\\/new\\\/\"},{\"@type\":\"ListItem\",\"position\":2,\"name\":\"Resoluciones Gobernaci\u00f3n de Napo\"}]},{\"@type\":\"WebSite\",\"@id\":\"https:\\\/\\\/www.gobernacionnapo.gob.ec\\\/new\\\/#website\",\"url\":\"https:\\\/\\\/www.gobernacionnapo.gob.ec\\\/new\\\/\",\"name\":\"Gobernaci\u00f3n de Napo\",\"description\":\"\",\"potentialAction\":[{\"@type\":\"SearchAction\",\"target\":{\"@type\":\"EntryPoint\",\"urlTemplate\":\"https:\\\/\\\/www.gobernacionnapo.gob.ec\\\/new\\\/?s={search_term_string}\"},\"query-input\":{\"@type\":\"PropertyValueSpecification\",\"valueRequired\":true,\"valueName\":\"search_term_string\"}}],\"inLanguage\":\"es\"}]}<\/script>\n<!-- \/ Yoast SEO Premium plugin. -->","yoast_head_json":{"title":"Resoluciones Gobernaci\u00f3n de Napo - Gobernaci\u00f3n de Napo","robots":{"index":"index","follow":"follow","max-snippet":"max-snippet:-1","max-image-preview":"max-image-preview:large","max-video-preview":"max-video-preview:-1"},"canonical":"https:\/\/www.gobernacionnapo.gob.ec\/new\/resoluciones-gobernacion-de-napo\/","og_locale":"es_ES","og_type":"article","og_title":"Resoluciones Gobernaci\u00f3n de Napo","og_description":"Read more &rarr;","og_url":"https:\/\/www.gobernacionnapo.gob.ec\/new\/resoluciones-gobernacion-de-napo\/","og_site_name":"Gobernaci\u00f3n de Napo","article_publisher":"https:\/\/www.facebook.com\/GobernacionDeNapo","article_modified_time":"2024-03-20T16:49:17+00:00","twitter_card":"summary_large_image","twitter_site":"@gobernapo","schema":{"@context":"https:\/\/schema.org","@graph":[{"@type":"WebPage","@id":"https:\/\/www.gobernacionnapo.gob.ec\/new\/resoluciones-gobernacion-de-napo\/","url":"https:\/\/www.gobernacionnapo.gob.ec\/new\/resoluciones-gobernacion-de-napo\/","name":"Resoluciones Gobernaci\u00f3n de Napo - Gobernaci\u00f3n de Napo","isPartOf":{"@id":"https:\/\/www.gobernacionnapo.gob.ec\/new\/#website"},"datePublished":"2024-01-15T19:44:02+00:00","dateModified":"2024-03-20T16:49:17+00:00","breadcrumb":{"@id":"https:\/\/www.gobernacionnapo.gob.ec\/new\/resoluciones-gobernacion-de-napo\/#breadcrumb"},"inLanguage":"es","potentialAction":[{"@type":"ReadAction","target":["https:\/\/www.gobernacionnapo.gob.ec\/new\/resoluciones-gobernacion-de-napo\/"]}]},{"@type":"BreadcrumbList","@id":"https:\/\/www.gobernacionnapo.gob.ec\/new\/resoluciones-gobernacion-de-napo\/#breadcrumb","itemListElement":[{"@type":"ListItem","position":1,"name":"Portada","item":"https:\/\/www.gobernacionnapo.gob.ec\/new\/"},{"@type":"ListItem","position":2,"name":"Resoluciones Gobernaci\u00f3n de Napo"}]},{"@type":"WebSite","@id":"https:\/\/www.gobernacionnapo.gob.ec\/new\/#website","url":"https:\/\/www.gobernacionnapo.gob.ec\/new\/","name":"Gobernaci\u00f3n de Napo","description":"","potentialAction":[{"@type":"SearchAction","target":{"@type":"EntryPoint","urlTemplate":"https:\/\/www.gobernacionnapo.gob.ec\/new\/?s={search_term_string}"},"query-input":{"@type":"PropertyValueSpecification","valueRequired":true,"valueName":"search_term_string"}}],"inLanguage":"es"}]}},"_links":{"self":[{"href":"https:\/\/www.gobernacionnapo.gob.ec\/new\/wp-json\/wp\/v2\/pages\/50417","targetHints":{"allow":["GET"]}}],"collection":[{"href":"https:\/\/www.gobernacionnapo.gob.ec\/new\/wp-json\/wp\/v2\/pages"}],"about":[{"href":"https:\/\/www.gobernacionnapo.gob.ec\/new\/wp-json\/wp\/v2\/types\/page"}],"author":[{"embeddable":true,"href":"https:\/\/www.gobernacionnapo.gob.ec\/new\/wp-json\/wp\/v2\/users\/3"}],"replies":[{"embeddable":true,"href":"https:\/\/www.gobernacionnapo.gob.ec\/new\/wp-json\/wp\/v2\/comments?post=50417"}],"version-history":[{"count":0,"href":"https:\/\/www.gobernacionnapo.gob.ec\/new\/wp-json\/wp\/v2\/pages\/50417\/revisions"}],"wp:attachment":[{"href":"https:\/\/www.gobernacionnapo.gob.ec\/new\/wp-json\/wp\/v2\/media?parent=50417"}],"curies":[{"name":"wp","href":"https:\/\/api.w.org\/{rel}","templated":true}]}}