{"id":53070,"date":"2026-01-30T10:47:32","date_gmt":"2026-01-30T15:47:32","guid":{"rendered":"https:\/\/www.gobernacionnapo.gob.ec\/new\/?page_id=53070"},"modified":"2026-01-30T16:27:47","modified_gmt":"2026-01-30T21:27:47","slug":"resena-historica-de-la-gobernacion-de-napo","status":"publish","type":"page","link":"https:\/\/www.gobernacionnapo.gob.ec\/new\/resena-historica-de-la-gobernacion-de-napo\/","title":{"rendered":"RESE\u00d1A HIST\u00d3RICA DE LA GOBERNACI\u00d3N DE NAPO"},"content":{"rendered":"\t\t<div data-elementor-type=\"wp-page\" data-elementor-id=\"53070\" class=\"elementor elementor-53070\" data-elementor-post-type=\"page\">\n\t\t\t\t\t\t<section data-particle_enable=\"false\" data-particle-mobile-disabled=\"false\" class=\"elementor-section elementor-top-section elementor-element elementor-element-68062aa elementor-section-full_width elementor-section-stretched elementor-section-height-default elementor-section-height-default\" data-id=\"68062aa\" data-element_type=\"section\" data-e-type=\"section\" data-settings=\"{&quot;stretch_section&quot;:&quot;section-stretched&quot;,&quot;jet_parallax_layout_list&quot;:[]}\">\n\t\t\t\t\t\t<div class=\"elementor-container elementor-column-gap-default\">\n\t\t\t\t\t<div class=\"elementor-column elementor-col-100 elementor-top-column elementor-element elementor-element-55ff7934\" data-id=\"55ff7934\" data-element_type=\"column\" data-e-type=\"column\">\n\t\t\t<div class=\"elementor-widget-wrap elementor-element-populated\">\n\t\t\t\t\t\t<div class=\"elementor-element elementor-element-36fa8fa9 elementor-widget elementor-widget-text-editor\" data-id=\"36fa8fa9\" data-element_type=\"widget\" data-e-type=\"widget\" data-widget_type=\"text-editor.default\">\n\t\t\t\t<div class=\"elementor-widget-container\">\n\t\t\t\t\t\t\t\t\t\n<figure class=\"wp-block-image size-large\"><a href=\"https:\/\/www.gobernacionnapo.gob.ec\/new\/wp-content\/uploads\/2026\/01\/resena-historica-web-scaled.jpeg\"><img fetchpriority=\"high\" decoding=\"async\" class=\"alignnone wp-image-53069 size-full\" src=\"https:\/\/www.gobernacionnapo.gob.ec\/new\/wp-content\/uploads\/2026\/01\/resena-historica-web-scaled.jpeg\" alt=\"\" width=\"2560\" height=\"1267\" srcset=\"https:\/\/www.gobernacionnapo.gob.ec\/new\/wp-content\/uploads\/2026\/01\/resena-historica-web-scaled.jpeg 2560w, https:\/\/www.gobernacionnapo.gob.ec\/new\/wp-content\/uploads\/2026\/01\/resena-historica-web-300x149.jpeg 300w, https:\/\/www.gobernacionnapo.gob.ec\/new\/wp-content\/uploads\/2026\/01\/resena-historica-web-1024x507.jpeg 1024w, https:\/\/www.gobernacionnapo.gob.ec\/new\/wp-content\/uploads\/2026\/01\/resena-historica-web-768x380.jpeg 768w, https:\/\/www.gobernacionnapo.gob.ec\/new\/wp-content\/uploads\/2026\/01\/resena-historica-web-1536x760.jpeg 1536w, https:\/\/www.gobernacionnapo.gob.ec\/new\/wp-content\/uploads\/2026\/01\/resena-historica-web-2048x1014.jpeg 2048w\" sizes=\"(max-width: 2560px) 100vw, 2560px\" \/><\/a><\/figure>\n\t\t\t\t\t\t\t\t<\/div>\n\t\t\t\t<\/div>\n\t\t\t\t\t<\/div>\n\t\t<\/div>\n\t\t\t\t\t<\/div>\n\t\t<\/section>\n\t\t\t\t<\/div>\n\t\t","protected":false},"excerpt":{"rendered":"<p class=\"excerpt\"> <a href=\"https:\/\/www.gobernacionnapo.gob.ec\/new\/resena-historica-de-la-gobernacion-de-napo\/\">Read more &rarr;<\/a><\/p>\n","protected":false},"author":3,"featured_media":0,"parent":0,"menu_order":0,"comment_status":"closed","ping_status":"closed","template":"elementor_header_footer","meta":{"footnotes":""},"class_list":["post-53070","page","type-page","status-publish","hentry","xfolkentry"],"_links":{"self":[{"href":"https:\/\/www.gobernacionnapo.gob.ec\/new\/wp-json\/wp\/v2\/pages\/53070","targetHints":{"allow":["GET"]}}],"collection":[{"href":"https:\/\/www.gobernacionnapo.gob.ec\/new\/wp-json\/wp\/v2\/pages"}],"about":[{"href":"https:\/\/www.gobernacionnapo.gob.ec\/new\/wp-json\/wp\/v2\/types\/page"}],"author":[{"embeddable":true,"href":"https:\/\/www.gobernacionnapo.gob.ec\/new\/wp-json\/wp\/v2\/users\/3"}],"replies":[{"embeddable":true,"href":"https:\/\/www.gobernacionnapo.gob.ec\/new\/wp-json\/wp\/v2\/comments?post=53070"}],"version-history":[{"count":0,"href":"https:\/\/www.gobernacionnapo.gob.ec\/new\/wp-json\/wp\/v2\/pages\/53070\/revisions"}],"wp:attachment":[{"href":"https:\/\/www.gobernacionnapo.gob.ec\/new\/wp-json\/wp\/v2\/media?parent=53070"}],"curies":[{"name":"wp","href":"https:\/\/api.w.org\/{rel}","templated":true}]}}